{"id":1901,"date":"2025-11-14T12:42:12","date_gmt":"2025-11-14T12:42:12","guid":{"rendered":"https:\/\/pamait.es\/?post_type=product&#038;p=1901"},"modified":"2026-01-07T17:00:26","modified_gmt":"2026-01-07T17:00:26","slug":"camisa-capriccio-copy","status":"publish","type":"product","link":"https:\/\/pamait.es\/en\/product\/camisa-capriccio-copy\/","title":{"rendered":"CAMISETA PAMAIT"},"content":{"rendered":"<p>Colores: Gris jaspeado, Blanco y Negro<br \/>\nTallas: S,M,L<\/p>\n<table style=\"height: 297px;\" width=\"555\">\n<thead>\n<tr>\n<th>MEDIDA<\/th>\n<th>S<\/th>\n<th>M<\/th>\n<th>L<\/th>\n<\/tr>\n<\/thead>\n<tbody>\n<tr>\n<td>Ancho Pecho<\/td>\n<td>49,2<\/td>\n<td>51,2<\/td>\n<td>53,2<\/td>\n<\/tr>\n<tr>\n<td>Ancho Bajo<\/td>\n<td>49,2<\/td>\n<td>51,2<\/td>\n<td>53,2<\/td>\n<\/tr>\n<tr>\n<td>Ancho Escote (sin cuello)<\/td>\n<td>17,1<\/td>\n<td>17,6<\/td>\n<td>18,1<\/td>\n<\/tr>\n<tr>\n<td>Largo Manga<\/td>\n<td>20,9<\/td>\n<td>21,3<\/td>\n<td>21,7<\/td>\n<\/tr>\n<tr>\n<td>Ancho Hombro<\/td>\n<td>14,2<\/td>\n<td>14,4<\/td>\n<td>14,7<\/td>\n<\/tr>\n<tr>\n<td>Largo Total<\/td>\n<td>54,1<\/td>\n<td>55,6<\/td>\n<td>57,1<\/td>\n<\/tr>\n<\/tbody>\n<\/table>","protected":false},"excerpt":{"rendered":"<p>Camiseta de corte recto en algod\u00f3n, con cuello redondo y manga corta. Un b\u00e1sico<br \/>\nimprescindible para el d\u00eda a d\u00eda, c\u00f3moda, vers\u00e1til y f\u00e1cil de combinar con cualquier look.<\/p>","protected":false},"featured_media":2115,"template":"","meta":{"site-sidebar-layout":"default","site-content-layout":"","ast-site-content-layout":"default","site-content-style":"default","site-sidebar-style":"default","ast-global-header-display":"","ast-banner-title-visibility":"","ast-main-header-display":"","ast-hfb-above-header-display":"","ast-hfb-below-header-display":"","ast-hfb-mobile-header-display":"","site-post-title":"","ast-breadcrumbs-content":"","ast-featured-img":"","footer-sml-layout":"","theme-transparent-header-meta":"default","adv-header-id-meta":"","stick-header-meta":"","header-above-stick-meta":"","header-main-stick-meta":"","header-below-stick-meta":"","astra-migrate-meta-layouts":"set","ast-page-background-enabled":"default","ast-page-background-meta":{"desktop":{"background-color":"var(--ast-global-color-4)","background-image":"","background-repeat":"repeat","background-position":"center center","background-size":"auto","background-attachment":"scroll","background-type":"","background-media":"","overlay-type":"","overlay-color":"","overlay-opacity":"","overlay-gradient":""},"tablet":{"background-color":"","background-image":"","background-repeat":"repeat","background-position":"center center","background-size":"auto","background-attachment":"scroll","background-type":"","background-media":"","overlay-type":"","overlay-color":"","overlay-opacity":"","overlay-gradient":""},"mobile":{"background-color":"","background-image":"","background-repeat":"repeat","background-position":"center center","background-size":"auto","background-attachment":"scroll","background-type":"","background-media":"","overlay-type":"","overlay-color":"","overlay-opacity":"","overlay-gradient":""}},"ast-content-background-meta":{"desktop":{"background-color":"var(--ast-global-color-5)","background-image":"","background-repeat":"repeat","background-position":"center center","background-size":"auto","background-attachment":"scroll","background-type":"","background-media":"","overlay-type":"","overlay-color":"","overlay-opacity":"","overlay-gradient":""},"tablet":{"background-color":"var(--ast-global-color-5)","background-image":"","background-repeat":"repeat","background-position":"center center","background-size":"auto","background-attachment":"scroll","background-type":"","background-media":"","overlay-type":"","overlay-color":"","overlay-opacity":"","overlay-gradient":""},"mobile":{"background-color":"var(--ast-global-color-5)","background-image":"","background-repeat":"repeat","background-position":"center center","background-size":"auto","background-attachment":"scroll","background-type":"","background-media":"","overlay-type":"","overlay-color":"","overlay-opacity":"","overlay-gradient":""}}},"product_brand":[],"product_cat":[16],"product_tag":[],"class_list":{"0":"post-1901","1":"product","2":"type-product","3":"status-publish","4":"has-post-thumbnail","6":"product_cat-coleccion","7":"desktop-align-center","8":"tablet-align-center","9":"mobile-align-center","11":"first","12":"instock","13":"sale","14":"shipping-taxable","15":"purchasable","16":"product-type-variable"},"jetpack_sharing_enabled":true,"_links":{"self":[{"href":"https:\/\/pamait.es\/en\/wp-json\/wp\/v2\/product\/1901","targetHints":{"allow":["GET"]}}],"collection":[{"href":"https:\/\/pamait.es\/en\/wp-json\/wp\/v2\/product"}],"about":[{"href":"https:\/\/pamait.es\/en\/wp-json\/wp\/v2\/types\/product"}],"wp:featuredmedia":[{"embeddable":true,"href":"https:\/\/pamait.es\/en\/wp-json\/wp\/v2\/media\/2115"}],"wp:attachment":[{"href":"https:\/\/pamait.es\/en\/wp-json\/wp\/v2\/media?parent=1901"}],"wp:term":[{"taxonomy":"product_brand","embeddable":true,"href":"https:\/\/pamait.es\/en\/wp-json\/wp\/v2\/product_brand?post=1901"},{"taxonomy":"product_cat","embeddable":true,"href":"https:\/\/pamait.es\/en\/wp-json\/wp\/v2\/product_cat?post=1901"},{"taxonomy":"product_tag","embeddable":true,"href":"https:\/\/pamait.es\/en\/wp-json\/wp\/v2\/product_tag?post=1901"}],"curies":[{"name":"wp","href":"https:\/\/api.w.org\/{rel}","templated":true}]}}