{"id":1892,"date":"2025-11-14T11:37:58","date_gmt":"2025-11-14T11:37:58","guid":{"rendered":"https:\/\/pamait.es\/?post_type=product&#038;p=1892"},"modified":"2026-01-07T17:01:38","modified_gmt":"2026-01-07T17:01:38","slug":"chaleco-escoces","status":"publish","type":"product","link":"https:\/\/pamait.es\/en\/product\/chaleco-escoces\/","title":{"rendered":"CHALECO ESCOC\u00c9S"},"content":{"rendered":"<p><strong data-start=\"3461\" data-end=\"3471\">Color:<\/strong> Cuadro escoc\u00e9s<br data-start=\"3486\" data-end=\"3489\" \/><strong data-start=\"3489\" data-end=\"3500\">Sizes:<\/strong> S, M, L<br data-start=\"3508\" data-end=\"3511\" \/><strong data-start=\"3511\" data-end=\"3527\">Composition:<\/strong> 65% poli\u00e9ster, 33% viscosa, 2% elastano<\/p>\n<table>\n<thead>\n<tr>\n<th>Medida<\/th>\n<th>S<\/th>\n<th>M<\/th>\n<th>L<\/th>\n<th>XL<\/th>\n<\/tr>\n<\/thead>\n<tbody>\n<tr>\n<td>Ancho pecho<\/td>\n<td>61,8<\/td>\n<td>63,9<\/td>\n<td>66<\/td>\n<td>68,55<\/td>\n<\/tr>\n<tr>\n<td>Ancho bajo<\/td>\n<td>28,45<\/td>\n<td>29,45<\/td>\n<td>30,45<\/td>\n<td>31,45<\/td>\n<\/tr>\n<tr>\n<td>Sisa<\/td>\n<td>50,8<\/td>\n<td>52,12<\/td>\n<td>53,45<\/td>\n<td>54,77<\/td>\n<\/tr>\n<tr>\n<td>Largo hombro<\/td>\n<td>13,7<\/td>\n<td>14,2<\/td>\n<td>14,7<\/td>\n<td>15,2<\/td>\n<\/tr>\n<tr>\n<td>Largo total<\/td>\n<td>74,9<\/td>\n<td>76,6<\/td>\n<td>78,4<\/td>\n<td>80,1<\/td>\n<\/tr>\n<\/tbody>\n<\/table>","protected":false},"excerpt":{"rendered":"<p>Chaleco largo de corte oversize con estampado de cuadros escoceses en tonos oscuros y l\u00edneas mostaza. Una prenda vers\u00e1til y moderna, ideal para superponer sobre camisetas o camisas. Comb\u00ednalo con el pantal\u00f3n a juego para un look completo y con personalidad.<\/p>","protected":false},"featured_media":1893,"template":"","meta":{"site-sidebar-layout":"default","site-content-layout":"","ast-site-content-layout":"default","site-content-style":"default","site-sidebar-style":"default","ast-global-header-display":"","ast-banner-title-visibility":"","ast-main-header-display":"","ast-hfb-above-header-display":"","ast-hfb-below-header-display":"","ast-hfb-mobile-header-display":"","site-post-title":"","ast-breadcrumbs-content":"","ast-featured-img":"","footer-sml-layout":"","theme-transparent-header-meta":"default","adv-header-id-meta":"","stick-header-meta":"","header-above-stick-meta":"","header-main-stick-meta":"","header-below-stick-meta":"","astra-migrate-meta-layouts":"set","ast-page-background-enabled":"default","ast-page-background-meta":{"desktop":{"background-color":"var(--ast-global-color-4)","background-image":"","background-repeat":"repeat","background-position":"center center","background-size":"auto","background-attachment":"scroll","background-type":"","background-media":"","overlay-type":"","overlay-color":"","overlay-opacity":"","overlay-gradient":""},"tablet":{"background-color":"","background-image":"","background-repeat":"repeat","background-position":"center center","background-size":"auto","background-attachment":"scroll","background-type":"","background-media":"","overlay-type":"","overlay-color":"","overlay-opacity":"","overlay-gradient":""},"mobile":{"background-color":"","background-image":"","background-repeat":"repeat","background-position":"center center","background-size":"auto","background-attachment":"scroll","background-type":"","background-media":"","overlay-type":"","overlay-color":"","overlay-opacity":"","overlay-gradient":""}},"ast-content-background-meta":{"desktop":{"background-color":"var(--ast-global-color-5)","background-image":"","background-repeat":"repeat","background-position":"center center","background-size":"auto","background-attachment":"scroll","background-type":"","background-media":"","overlay-type":"","overlay-color":"","overlay-opacity":"","overlay-gradient":""},"tablet":{"background-color":"var(--ast-global-color-5)","background-image":"","background-repeat":"repeat","background-position":"center center","background-size":"auto","background-attachment":"scroll","background-type":"","background-media":"","overlay-type":"","overlay-color":"","overlay-opacity":"","overlay-gradient":""},"mobile":{"background-color":"var(--ast-global-color-5)","background-image":"","background-repeat":"repeat","background-position":"center center","background-size":"auto","background-attachment":"scroll","background-type":"","background-media":"","overlay-type":"","overlay-color":"","overlay-opacity":"","overlay-gradient":""}}},"product_brand":[],"product_cat":[16],"product_tag":[],"class_list":{"0":"post-1892","1":"product","2":"type-product","3":"status-publish","4":"has-post-thumbnail","6":"product_cat-coleccion","7":"desktop-align-center","8":"tablet-align-center","9":"mobile-align-center","11":"first","12":"instock","13":"sale","14":"shipping-taxable","15":"purchasable","16":"product-type-variable"},"jetpack_sharing_enabled":true,"_links":{"self":[{"href":"https:\/\/pamait.es\/en\/wp-json\/wp\/v2\/product\/1892","targetHints":{"allow":["GET"]}}],"collection":[{"href":"https:\/\/pamait.es\/en\/wp-json\/wp\/v2\/product"}],"about":[{"href":"https:\/\/pamait.es\/en\/wp-json\/wp\/v2\/types\/product"}],"wp:featuredmedia":[{"embeddable":true,"href":"https:\/\/pamait.es\/en\/wp-json\/wp\/v2\/media\/1893"}],"wp:attachment":[{"href":"https:\/\/pamait.es\/en\/wp-json\/wp\/v2\/media?parent=1892"}],"wp:term":[{"taxonomy":"product_brand","embeddable":true,"href":"https:\/\/pamait.es\/en\/wp-json\/wp\/v2\/product_brand?post=1892"},{"taxonomy":"product_cat","embeddable":true,"href":"https:\/\/pamait.es\/en\/wp-json\/wp\/v2\/product_cat?post=1892"},{"taxonomy":"product_tag","embeddable":true,"href":"https:\/\/pamait.es\/en\/wp-json\/wp\/v2\/product_tag?post=1892"}],"curies":[{"name":"wp","href":"https:\/\/api.w.org\/{rel}","templated":true}]}}