{"id":1793,"date":"2025-11-12T23:54:11","date_gmt":"2025-11-12T23:54:11","guid":{"rendered":"https:\/\/pamait.es\/?post_type=product&#038;p=1793"},"modified":"2026-01-07T17:02:46","modified_gmt":"2026-01-07T17:02:46","slug":"pantalon-carla","status":"publish","type":"product","link":"https:\/\/pamait.es\/en\/product\/pantalon-carla\/","title":{"rendered":"PANTAL\u00d3N ESCOC\u00c9S"},"content":{"rendered":"<p><strong data-start=\"3461\" data-end=\"3471\">Color:<\/strong> Cuadro escoc\u00e9s<br data-start=\"3486\" data-end=\"3489\" \/><strong data-start=\"3489\" data-end=\"3500\">Sizes:<\/strong> S, M, L, XL<br data-start=\"3508\" data-end=\"3511\" \/><strong data-start=\"3511\" data-end=\"3527\">Composition:<\/strong> 65% poli\u00e9ster, 33% viscosa, 2% elastano<\/p>\n<p>Cierre trasero con cremallera invisible.<\/p>\n<p>Talla XL bajo pedido.<\/p>\n<table>\n<thead>\n<tr>\n<th>Medida<\/th>\n<th>S<\/th>\n<th>M<\/th>\n<th>L<\/th>\n<th>XL<\/th>\n<\/tr>\n<\/thead>\n<tbody>\n<tr>\n<td>Ancho cintura<\/td>\n<td>36,75<\/td>\n<td>38,75<\/td>\n<td>40,75<\/td>\n<td>42,75<\/td>\n<\/tr>\n<tr>\n<td>Ancho cadera<\/td>\n<td>48,65<\/td>\n<td>50,65<\/td>\n<td>52,65<\/td>\n<td>54,65<\/td>\n<\/tr>\n<tr>\n<td>Ancho bajo<\/td>\n<td>30,41<\/td>\n<td>30,65<\/td>\n<td>30,88<\/td>\n<td>31,12<\/td>\n<\/tr>\n<tr>\n<td>Largo total<\/td>\n<td>94,7<\/td>\n<td>97,7<\/td>\n<td>100,7<\/td>\n<td>103,7<\/td>\n<\/tr>\n<\/tbody>\n<\/table>","protected":false},"excerpt":{"rendered":"<p>Pantal\u00f3n de tiro alto con dise\u00f1o cl\u00e1sico en cuadro escoc\u00e9s. Su tejido estructurado y corte recto estilizan la silueta sin perder comodidad. Perfecto para crear looks tanto formales como desenfadados.<\/p>","protected":false},"featured_media":1873,"template":"","meta":{"site-sidebar-layout":"default","site-content-layout":"","ast-site-content-layout":"default","site-content-style":"default","site-sidebar-style":"default","ast-global-header-display":"","ast-banner-title-visibility":"","ast-main-header-display":"","ast-hfb-above-header-display":"","ast-hfb-below-header-display":"","ast-hfb-mobile-header-display":"","site-post-title":"","ast-breadcrumbs-content":"","ast-featured-img":"","footer-sml-layout":"","theme-transparent-header-meta":"default","adv-header-id-meta":"","stick-header-meta":"","header-above-stick-meta":"","header-main-stick-meta":"","header-below-stick-meta":"","astra-migrate-meta-layouts":"set","ast-page-background-enabled":"default","ast-page-background-meta":{"desktop":{"background-color":"var(--ast-global-color-4)","background-image":"","background-repeat":"repeat","background-position":"center center","background-size":"auto","background-attachment":"scroll","background-type":"","background-media":"","overlay-type":"","overlay-color":"","overlay-opacity":"","overlay-gradient":""},"tablet":{"background-color":"","background-image":"","background-repeat":"repeat","background-position":"center center","background-size":"auto","background-attachment":"scroll","background-type":"","background-media":"","overlay-type":"","overlay-color":"","overlay-opacity":"","overlay-gradient":""},"mobile":{"background-color":"","background-image":"","background-repeat":"repeat","background-position":"center center","background-size":"auto","background-attachment":"scroll","background-type":"","background-media":"","overlay-type":"","overlay-color":"","overlay-opacity":"","overlay-gradient":""}},"ast-content-background-meta":{"desktop":{"background-color":"var(--ast-global-color-5)","background-image":"","background-repeat":"repeat","background-position":"center center","background-size":"auto","background-attachment":"scroll","background-type":"","background-media":"","overlay-type":"","overlay-color":"","overlay-opacity":"","overlay-gradient":""},"tablet":{"background-color":"var(--ast-global-color-5)","background-image":"","background-repeat":"repeat","background-position":"center center","background-size":"auto","background-attachment":"scroll","background-type":"","background-media":"","overlay-type":"","overlay-color":"","overlay-opacity":"","overlay-gradient":""},"mobile":{"background-color":"var(--ast-global-color-5)","background-image":"","background-repeat":"repeat","background-position":"center center","background-size":"auto","background-attachment":"scroll","background-type":"","background-media":"","overlay-type":"","overlay-color":"","overlay-opacity":"","overlay-gradient":""}}},"product_brand":[],"product_cat":[16],"product_tag":[],"class_list":{"0":"post-1793","1":"product","2":"type-product","3":"status-publish","4":"has-post-thumbnail","6":"product_cat-coleccion","7":"desktop-align-center","8":"tablet-align-center","9":"mobile-align-center","11":"first","12":"instock","13":"sale","14":"shipping-taxable","15":"purchasable","16":"product-type-variable"},"jetpack_sharing_enabled":true,"_links":{"self":[{"href":"https:\/\/pamait.es\/en\/wp-json\/wp\/v2\/product\/1793","targetHints":{"allow":["GET"]}}],"collection":[{"href":"https:\/\/pamait.es\/en\/wp-json\/wp\/v2\/product"}],"about":[{"href":"https:\/\/pamait.es\/en\/wp-json\/wp\/v2\/types\/product"}],"wp:featuredmedia":[{"embeddable":true,"href":"https:\/\/pamait.es\/en\/wp-json\/wp\/v2\/media\/1873"}],"wp:attachment":[{"href":"https:\/\/pamait.es\/en\/wp-json\/wp\/v2\/media?parent=1793"}],"wp:term":[{"taxonomy":"product_brand","embeddable":true,"href":"https:\/\/pamait.es\/en\/wp-json\/wp\/v2\/product_brand?post=1793"},{"taxonomy":"product_cat","embeddable":true,"href":"https:\/\/pamait.es\/en\/wp-json\/wp\/v2\/product_cat?post=1793"},{"taxonomy":"product_tag","embeddable":true,"href":"https:\/\/pamait.es\/en\/wp-json\/wp\/v2\/product_tag?post=1793"}],"curies":[{"name":"wp","href":"https:\/\/api.w.org\/{rel}","templated":true}]}}