{"id":15,"date":"2025-11-10T23:34:12","date_gmt":"2025-11-10T23:34:12","guid":{"rendered":"http:\/\/pamait.es\/about-us\/"},"modified":"2025-11-14T15:22:56","modified_gmt":"2025-11-14T15:22:56","slug":"about-us","status":"publish","type":"page","link":"https:\/\/pamait.es\/en\/about-us\/","title":{"rendered":"Somos Pamait"},"content":{"rendered":"<div data-elementor-type=\"wp-page\" data-elementor-id=\"15\" class=\"elementor elementor-15\" data-elementor-post-type=\"page\">\n\t\t\t\t<div class=\"elementor-element elementor-element-dd00372 e-flex e-con-boxed e-con e-parent\" data-id=\"dd00372\" data-element_type=\"container\" data-settings=\"{&quot;background_background&quot;:&quot;classic&quot;}\">\n\t\t\t\t\t<div class=\"e-con-inner\">\n\t\t\t\t<div class=\"elementor-element elementor-element-9d5fb57 elementor-widget elementor-widget-spacer\" data-id=\"9d5fb57\" data-element_type=\"widget\" data-widget_type=\"spacer.default\">\n\t\t\t\t<div class=\"elementor-widget-container\">\n\t\t\t\t\t\t\t<div class=\"elementor-spacer\">\n\t\t\t<div class=\"elementor-spacer-inner\"><\/div>\n\t\t<\/div>\n\t\t\t\t\t\t<\/div>\n\t\t\t\t<\/div>\n\t\t\t\t\t<\/div>\n\t\t\t\t<\/div>\n\t\t<div class=\"elementor-element elementor-element-d275730 e-flex e-con-boxed e-con e-parent\" data-id=\"d275730\" data-element_type=\"container\">\n\t\t\t\t\t<div class=\"e-con-inner\">\n\t\t<div class=\"elementor-element elementor-element-d6650b8 e-con-full e-flex e-con e-child\" data-id=\"d6650b8\" data-element_type=\"container\" data-settings=\"{&quot;background_background&quot;:&quot;classic&quot;}\">\n\t\t\t\t<div class=\"elementor-element elementor-element-ca7f32e elementor-widget elementor-widget-heading\" data-id=\"ca7f32e\" data-element_type=\"widget\" data-widget_type=\"heading.default\">\n\t\t\t\t<div class=\"elementor-widget-container\">\n\t\t\t\t\t<h2 class=\"elementor-heading-title elementor-size-default\">\u00a1Hola! somos Pamait<\/h2>\t\t\t\t<\/div>\n\t\t\t\t<\/div>\n\t\t\t\t<div class=\"elementor-element elementor-element-b7ddfd5 elementor-drop-cap-yes elementor-drop-cap-view-default elementor-widget elementor-widget-text-editor\" data-id=\"b7ddfd5\" data-element_type=\"widget\" data-settings=\"{&quot;drop_cap&quot;:&quot;yes&quot;}\" data-widget_type=\"text-editor.default\">\n\t\t\t\t<div class=\"elementor-widget-container\">\n\t\t\t\t\t\t\t\t\t<p data-start=\"4827\" data-end=\"5103\">Me llamo Carla y desde muy peque\u00f1a descubr\u00ed mi pasi\u00f3n por la moda. <strong>Me fascinaba observar c\u00f3mo una prenda pod\u00eda cambiar la forma en que una persona se ve\u00eda<\/strong> y, sobre todo, c\u00f3mo se sent\u00eda. Esa curiosidad se transform\u00f3 con los a\u00f1os en un amor profundo por el dise\u00f1o, el estilo y la autenticidad.<\/p><p data-start=\"5110\" data-end=\"5361\"><strong>Soy Carla, fundadora y creadora de Pamait,<\/strong> una marca que nace del deseo de unir la moda casual con la elegancia natural de cada mujer. Para m\u00ed, vestir no se trata solo de seguir tendencias, sino de expresar nuestra esencia con confianza y comodidad.<\/p><p data-start=\"5368\" data-end=\"5600\"><strong>En Pamait, cada prenda est\u00e1 dise\u00f1ada con dedicaci\u00f3n, buscando el equilibrio entre belleza y funcionalidad.<\/strong> Me inspiro en la vida diaria, en las mujeres reales y en esos peque\u00f1os detalles que hacen que cada d\u00eda tenga algo especial.<\/p><p data-start=\"5607\" data-end=\"5757\"><strong>Gracias por formar parte de este sue\u00f1o que comenz\u00f3 con una ni\u00f1a apasionada por la moda<\/strong> y hoy se convierte en una marca con alma, estilo y prop\u00f3sito.<\/p>\t\t\t\t\t\t\t\t<\/div>\n\t\t\t\t<\/div>\n\t\t\t\t<\/div>\n\t\t\t\t\t<\/div>\n\t\t\t\t<\/div>\n\t\t<div class=\"elementor-element elementor-element-7e347cd e-flex e-con-boxed e-con e-parent\" data-id=\"7e347cd\" data-element_type=\"container\" data-settings=\"{&quot;background_background&quot;:&quot;classic&quot;}\">\n\t\t\t\t\t<div class=\"e-con-inner\">\n\t\t<div class=\"elementor-element elementor-element-9ed693b e-con-full e-flex e-con e-child\" data-id=\"9ed693b\" data-element_type=\"container\">\n\t\t\t\t<div class=\"elementor-element elementor-element-d08c8c6 elementor-widget elementor-widget-spacer\" data-id=\"d08c8c6\" data-element_type=\"widget\" data-widget_type=\"spacer.default\">\n\t\t\t\t<div class=\"elementor-widget-container\">\n\t\t\t\t\t\t\t<div class=\"elementor-spacer\">\n\t\t\t<div class=\"elementor-spacer-inner\"><\/div>\n\t\t<\/div>\n\t\t\t\t\t\t<\/div>\n\t\t\t\t<\/div>\n\t\t\t\t<div class=\"elementor-element elementor-element-82a6af9 elementor-drop-cap-yes elementor-drop-cap-view-default elementor-widget elementor-widget-text-editor\" data-id=\"82a6af9\" data-element_type=\"widget\" data-settings=\"{&quot;drop_cap&quot;:&quot;yes&quot;}\" data-widget_type=\"text-editor.default\">\n\t\t\t\t<div class=\"elementor-widget-container\">\n\t\t\t\t\t\t\t\t\t<p data-start=\"174\" data-end=\"261\">En Pamait vemos la moda como una<strong> forma de expresi\u00f3n<\/strong> y respeto hacia quienes la crean.<\/p><p data-start=\"263\" data-end=\"520\">Cada colecci\u00f3n nace en colaboraci\u00f3n con talleres locales que comparten <strong>nuestra pasi\u00f3n por el detalle y la dedicaci\u00f3n.<\/strong> Cada paso del proceso, del primer boceto a la \u00faltima costura, est\u00e1 cuidado para garantizar prendas con identidad, calidad y autenticidad.<\/p><p data-start=\"522\" data-end=\"704\"><strong>No trabajamos con producci\u00f3n masiva.<\/strong> Apostamos por lo aut\u00e9ntico, lo cercano y lo que perdura. Cada prenda Pamait es una historia tejida con cuidado, pasi\u00f3n y respeto por el oficio.<\/p>\t\t\t\t\t\t\t\t<\/div>\n\t\t\t\t<\/div>\n\t\t\t\t<div class=\"elementor-element elementor-element-5e2ca81 elementor-icon-list--layout-traditional elementor-list-item-link-full_width elementor-widget elementor-widget-icon-list\" data-id=\"5e2ca81\" data-element_type=\"widget\" data-widget_type=\"icon-list.default\">\n\t\t\t\t<div class=\"elementor-widget-container\">\n\t\t\t\t\t\t\t<ul class=\"elementor-icon-list-items\">\n\t\t\t\t\t\t\t<li class=\"elementor-icon-list-item\">\n\t\t\t\t\t\t\t\t\t\t\t<a href=\"https:\/\/www.instagram.com\/p\/DPuTV2QjYA3\/\">\n\n\t\t\t\t\t\t\t\t\t\t\t\t<span class=\"elementor-icon-list-icon\">\n\t\t\t\t\t\t\t<svg aria-hidden=\"true\" class=\"e-font-icon-svg e-fab-instagram\" viewbox=\"0 0 448 512\" xmlns=\"http:\/\/www.w3.org\/2000\/svg\"><path d=\"M224.1 141c-63.6 0-114.9 51.3-114.9 114.9s51.3 114.9 114.9 114.9S339 319.5 339 255.9 287.7 141 224.1 141zm0 189.6c-41.1 0-74.7-33.5-74.7-74.7s33.5-74.7 74.7-74.7 74.7 33.5 74.7 74.7-33.6 74.7-74.7 74.7zm146.4-194.3c0 14.9-12 26.8-26.8 26.8-14.9 0-26.8-12-26.8-26.8s12-26.8 26.8-26.8 26.8 12 26.8 26.8zm76.1 27.2c-1.7-35.9-9.9-67.7-36.2-93.9-26.2-26.2-58-34.4-93.9-36.2-37-2.1-147.9-2.1-184.9 0-35.8 1.7-67.6 9.9-93.9 36.1s-34.4 58-36.2 93.9c-2.1 37-2.1 147.9 0 184.9 1.7 35.9 9.9 67.7 36.2 93.9s58 34.4 93.9 36.2c37 2.1 147.9 2.1 184.9 0 35.9-1.7 67.7-9.9 93.9-36.2 26.2-26.2 34.4-58 36.2-93.9 2.1-37 2.1-147.8 0-184.8zM398.8 388c-7.8 19.6-22.9 34.7-42.6 42.6-29.5 11.7-99.5 9-132.1 9s-102.7 2.6-132.1-9c-19.6-7.8-34.7-22.9-42.6-42.6-11.7-29.5-9-99.5-9-132.1s-2.6-102.7 9-132.1c7.8-19.6 22.9-34.7 42.6-42.6 29.5-11.7 99.5-9 132.1-9s102.7-2.6 132.1 9c19.6 7.8 34.7 22.9 42.6 42.6 11.7 29.5 9 99.5 9 132.1s2.7 102.7-9 132.1z\"><\/path><\/svg>\t\t\t\t\t\t<\/span>\n\t\t\t\t\t\t\t\t\t\t<span class=\"elementor-icon-list-text\">S\u00edguenos en instagram<\/span>\n\t\t\t\t\t\t\t\t\t\t\t<\/a>\n\t\t\t\t\t\t\t\t\t<\/li>\n\t\t\t\t\t\t<\/ul>\n\t\t\t\t\t\t<\/div>\n\t\t\t\t<\/div>\n\t\t\t\t<div class=\"elementor-element elementor-element-9f89dab elementor-widget elementor-widget-spacer\" data-id=\"9f89dab\" data-element_type=\"widget\" data-widget_type=\"spacer.default\">\n\t\t\t\t<div class=\"elementor-widget-container\">\n\t\t\t\t\t\t\t<div class=\"elementor-spacer\">\n\t\t\t<div class=\"elementor-spacer-inner\"><\/div>\n\t\t<\/div>\n\t\t\t\t\t\t<\/div>\n\t\t\t\t<\/div>\n\t\t\t\t<\/div>\n\t\t<div class=\"elementor-element elementor-element-66aa199 e-con-full e-flex e-con e-child\" data-id=\"66aa199\" data-element_type=\"container\">\n\t\t\t\t<div class=\"elementor-element elementor-element-97a462d elementor-widget elementor-widget-spacer\" data-id=\"97a462d\" data-element_type=\"widget\" data-widget_type=\"spacer.default\">\n\t\t\t\t<div class=\"elementor-widget-container\">\n\t\t\t\t\t\t\t<div class=\"elementor-spacer\">\n\t\t\t<div class=\"elementor-spacer-inner\"><\/div>\n\t\t<\/div>\n\t\t\t\t\t\t<\/div>\n\t\t\t\t<\/div>\n\t\t\t\t<div class=\"elementor-element elementor-element-cd983a7 elementor-widget elementor-widget-image\" data-id=\"cd983a7\" data-element_type=\"widget\" data-widget_type=\"image.default\">\n\t\t\t\t<div class=\"elementor-widget-container\">\n\t\t\t\t\t\t\t\t\t\t\t\t\t\t\t<img fetchpriority=\"high\" decoding=\"async\" width=\"683\" height=\"1024\" src=\"https:\/\/pamait.es\/wp-content\/uploads\/2025\/11\/IMG_4607-683x1024.jpg\" class=\"attachment-large size-large wp-image-1979\" alt=\"img 4607\" srcset=\"https:\/\/pamait.es\/wp-content\/uploads\/2025\/11\/IMG_4607-683x1024.jpg 683w, https:\/\/pamait.es\/wp-content\/uploads\/2025\/11\/IMG_4607-200x300.jpg 200w, https:\/\/pamait.es\/wp-content\/uploads\/2025\/11\/IMG_4607-768x1152.jpg 768w, https:\/\/pamait.es\/wp-content\/uploads\/2025\/11\/IMG_4607-1024x1536.jpg 1024w, https:\/\/pamait.es\/wp-content\/uploads\/2025\/11\/IMG_4607-1365x2048.jpg 1365w, https:\/\/pamait.es\/wp-content\/uploads\/2025\/11\/IMG_4607-8x12.jpg 8w, https:\/\/pamait.es\/wp-content\/uploads\/2025\/11\/IMG_4607-600x900.jpg 600w, https:\/\/pamait.es\/wp-content\/uploads\/2025\/11\/IMG_4607-scaled.jpg 1707w\" sizes=\"(max-width: 683px) 100vw, 683px\" title=\"Somos Pamait\">\t\t\t\t\t\t\t\t\t\t\t\t\t\t\t<\/div>\n\t\t\t\t<\/div>\n\t\t\t\t<\/div>\n\t\t\t\t\t<\/div>\n\t\t\t\t<\/div>\n\t\t<div class=\"elementor-element elementor-element-b18082c e-flex e-con-boxed e-con e-parent\" data-id=\"b18082c\" data-element_type=\"container\">\n\t\t\t\t\t<div class=\"e-con-inner\">\n\t\t<div class=\"elementor-element elementor-element-4e0a553 e-con-full e-flex e-con e-child\" data-id=\"4e0a553\" data-element_type=\"container\">\n\t\t\t\t<div class=\"elementor-element elementor-element-28ca4e0 elementor-widget elementor-widget-image-gallery\" data-id=\"28ca4e0\" data-element_type=\"widget\" data-widget_type=\"image-gallery.default\">\n\t\t\t\t<div class=\"elementor-widget-container\">\n\t\t\t\t\t\t\t<div class=\"elementor-image-gallery\">\n\t\t\t<div id='gallery-1' class='gallery galleryid-15 gallery-columns-4 gallery-size-full'><figure class='gallery-item'>\n\t\t\t<div class='gallery-icon portrait'>\n\t\t\t\t<a data-elementor-open-lightbox=\"yes\" data-elementor-lightbox-slideshow=\"28ca4e0\" data-elementor-lightbox-title=\"camisa capriccio\" data-e-action-hash=\"#elementor-action%3Aaction%3Dlightbox%26settings%3DeyJpZCI6MTgzOCwidXJsIjoiaHR0cHM6XC9cL3BhbWFpdC5lc1wvd3AtY29udGVudFwvdXBsb2Fkc1wvMjAyNVwvMTFcL0lNR180NTE1LXNjYWxlZC5qcGciLCJzbGlkZXNob3ciOiIyOGNhNGUwIn0%3D\" href='https:\/\/pamait.es\/wp-content\/uploads\/2025\/11\/IMG_4515-scaled.jpg'><img decoding=\"async\" width=\"1707\" height=\"2560\" src=\"https:\/\/pamait.es\/wp-content\/uploads\/2025\/11\/IMG_4515-scaled.jpg\" class=\"attachment-full size-full\" alt=\"camisa capriccio\" srcset=\"https:\/\/pamait.es\/wp-content\/uploads\/2025\/11\/IMG_4515-scaled.jpg 1707w, https:\/\/pamait.es\/wp-content\/uploads\/2025\/11\/IMG_4515-200x300.jpg 200w, https:\/\/pamait.es\/wp-content\/uploads\/2025\/11\/IMG_4515-683x1024.jpg 683w, https:\/\/pamait.es\/wp-content\/uploads\/2025\/11\/IMG_4515-768x1152.jpg 768w, https:\/\/pamait.es\/wp-content\/uploads\/2025\/11\/IMG_4515-1024x1536.jpg 1024w, https:\/\/pamait.es\/wp-content\/uploads\/2025\/11\/IMG_4515-1365x2048.jpg 1365w, https:\/\/pamait.es\/wp-content\/uploads\/2025\/11\/IMG_4515-600x900.jpg 600w\" sizes=\"(max-width: 1707px) 100vw, 1707px\" title=\"Somos Pamait\"><\/a>\n\t\t\t<\/div><\/figure><figure class='gallery-item'>\n\t\t\t<div class='gallery-icon portrait'>\n\t\t\t\t<a data-elementor-open-lightbox=\"yes\" data-elementor-lightbox-slideshow=\"28ca4e0\" data-elementor-lightbox-title=\"chaleco escoc\u00c9s\" data-e-action-hash=\"#elementor-action%3Aaction%3Dlightbox%26settings%3DeyJpZCI6MTg5NywidXJsIjoiaHR0cHM6XC9cL3BhbWFpdC5lc1wvd3AtY29udGVudFwvdXBsb2Fkc1wvMjAyNVwvMTFcL0lNR180NjE2LXNjYWxlZC5qcGciLCJzbGlkZXNob3ciOiIyOGNhNGUwIn0%3D\" href='https:\/\/pamait.es\/wp-content\/uploads\/2025\/11\/IMG_4616-scaled.jpg'><img decoding=\"async\" width=\"1707\" height=\"2560\" src=\"https:\/\/pamait.es\/wp-content\/uploads\/2025\/11\/IMG_4616-scaled.jpg\" class=\"attachment-full size-full\" alt=\"chaleco escoc\u00c9s\" srcset=\"https:\/\/pamait.es\/wp-content\/uploads\/2025\/11\/IMG_4616-scaled.jpg 1707w, https:\/\/pamait.es\/wp-content\/uploads\/2025\/11\/IMG_4616-200x300.jpg 200w, https:\/\/pamait.es\/wp-content\/uploads\/2025\/11\/IMG_4616-683x1024.jpg 683w, https:\/\/pamait.es\/wp-content\/uploads\/2025\/11\/IMG_4616-768x1152.jpg 768w, https:\/\/pamait.es\/wp-content\/uploads\/2025\/11\/IMG_4616-1024x1536.jpg 1024w, https:\/\/pamait.es\/wp-content\/uploads\/2025\/11\/IMG_4616-1365x2048.jpg 1365w, https:\/\/pamait.es\/wp-content\/uploads\/2025\/11\/IMG_4616-8x12.jpg 8w, https:\/\/pamait.es\/wp-content\/uploads\/2025\/11\/IMG_4616-600x900.jpg 600w\" sizes=\"(max-width: 1707px) 100vw, 1707px\" title=\"Somos Pamait\"><\/a>\n\t\t\t<\/div><\/figure><figure class='gallery-item'>\n\t\t\t<div class='gallery-icon portrait'>\n\t\t\t\t<a data-elementor-open-lightbox=\"yes\" data-elementor-lightbox-slideshow=\"28ca4e0\" data-elementor-lightbox-title=\"camisa capriccio\" data-e-action-hash=\"#elementor-action%3Aaction%3Dlightbox%26settings%3DeyJpZCI6MTgxMywidXJsIjoiaHR0cHM6XC9cL3BhbWFpdC5lc1wvd3AtY29udGVudFwvdXBsb2Fkc1wvMjAyNVwvMTFcL0lNR180NTY1LXNjYWxlZC5qcGciLCJzbGlkZXNob3ciOiIyOGNhNGUwIn0%3D\" href='https:\/\/pamait.es\/wp-content\/uploads\/2025\/11\/IMG_4565-scaled.jpg'><img loading=\"lazy\" decoding=\"async\" width=\"1707\" height=\"2560\" src=\"https:\/\/pamait.es\/wp-content\/uploads\/2025\/11\/IMG_4565-scaled.jpg\" class=\"attachment-full size-full\" alt=\"camisa capriccio\" srcset=\"https:\/\/pamait.es\/wp-content\/uploads\/2025\/11\/IMG_4565-scaled.jpg 1707w, https:\/\/pamait.es\/wp-content\/uploads\/2025\/11\/IMG_4565-200x300.jpg 200w, https:\/\/pamait.es\/wp-content\/uploads\/2025\/11\/IMG_4565-683x1024.jpg 683w, https:\/\/pamait.es\/wp-content\/uploads\/2025\/11\/IMG_4565-768x1152.jpg 768w, https:\/\/pamait.es\/wp-content\/uploads\/2025\/11\/IMG_4565-1024x1536.jpg 1024w, https:\/\/pamait.es\/wp-content\/uploads\/2025\/11\/IMG_4565-1365x2048.jpg 1365w, https:\/\/pamait.es\/wp-content\/uploads\/2025\/11\/IMG_4565-600x900.jpg 600w\" sizes=\"(max-width: 1707px) 100vw, 1707px\" title=\"Somos Pamait\"><\/a>\n\t\t\t<\/div><\/figure><figure class='gallery-item'>\n\t\t\t<div class='gallery-icon portrait'>\n\t\t\t\t<a data-elementor-open-lightbox=\"yes\" data-elementor-lightbox-slideshow=\"28ca4e0\" data-elementor-lightbox-title=\"camisa capriccio\" data-e-action-hash=\"#elementor-action%3Aaction%3Dlightbox%26settings%3DeyJpZCI6MTgxNSwidXJsIjoiaHR0cHM6XC9cL3BhbWFpdC5lc1wvd3AtY29udGVudFwvdXBsb2Fkc1wvMjAyNVwvMTFcL0lNR180NTQ1LXNjYWxlZC5qcGciLCJzbGlkZXNob3ciOiIyOGNhNGUwIn0%3D\" href='https:\/\/pamait.es\/wp-content\/uploads\/2025\/11\/IMG_4545-scaled.jpg'><img loading=\"lazy\" decoding=\"async\" width=\"1707\" height=\"2560\" src=\"https:\/\/pamait.es\/wp-content\/uploads\/2025\/11\/IMG_4545-scaled.jpg\" class=\"attachment-full size-full\" alt=\"camisa capriccio\" srcset=\"https:\/\/pamait.es\/wp-content\/uploads\/2025\/11\/IMG_4545-scaled.jpg 1707w, https:\/\/pamait.es\/wp-content\/uploads\/2025\/11\/IMG_4545-200x300.jpg 200w, https:\/\/pamait.es\/wp-content\/uploads\/2025\/11\/IMG_4545-683x1024.jpg 683w, https:\/\/pamait.es\/wp-content\/uploads\/2025\/11\/IMG_4545-768x1152.jpg 768w, https:\/\/pamait.es\/wp-content\/uploads\/2025\/11\/IMG_4545-1024x1536.jpg 1024w, https:\/\/pamait.es\/wp-content\/uploads\/2025\/11\/IMG_4545-1365x2048.jpg 1365w, https:\/\/pamait.es\/wp-content\/uploads\/2025\/11\/IMG_4545-600x900.jpg 600w\" sizes=\"(max-width: 1707px) 100vw, 1707px\" title=\"Somos Pamait\"><\/a>\n\t\t\t<\/div><\/figure>\n\t\t<\/div>\n\t\t<\/div>\n\t\t\t\t\t\t<\/div>\n\t\t\t\t<\/div>\n\t\t\t\t<\/div>\n\t\t\t\t\t<\/div>\n\t\t\t\t<\/div>\n\t\t\t\t<\/div>","protected":false},"excerpt":{"rendered":"<p>\u00a1Hola! somos Pamait Me llamo Carla y desde muy peque\u00f1a descubr\u00ed mi pasi\u00f3n por la moda. Me fascinaba observar c\u00f3mo [&hellip;]<\/p>","protected":false},"author":1,"featured_media":0,"parent":0,"menu_order":3,"comment_status":"closed","ping_status":"closed","template":"","meta":{"site-sidebar-layout":"no-sidebar","site-content-layout":"","ast-site-content-layout":"full-width-container","site-content-style":"default","site-sidebar-style":"default","ast-global-header-display":"","ast-banner-title-visibility":"","ast-main-header-display":"","ast-hfb-above-header-display":"","ast-hfb-below-header-display":"","ast-hfb-mobile-header-display":"","site-post-title":"disabled","ast-breadcrumbs-content":"","ast-featured-img":"disabled","footer-sml-layout":"","theme-transparent-header-meta":"enabled","adv-header-id-meta":"","stick-header-meta":"","header-above-stick-meta":"","header-main-stick-meta":"","header-below-stick-meta":"","astra-migrate-meta-layouts":"default","ast-page-background-enabled":"default","ast-page-background-meta":{"desktop":{"background-color":"var(--ast-global-color-4)","background-image":"","background-repeat":"repeat","background-position":"center center","background-size":"auto","background-attachment":"scroll","background-type":"","background-media":"","overlay-type":"","overlay-color":"","overlay-opacity":"","overlay-gradient":""},"tablet":{"background-color":"","background-image":"","background-repeat":"repeat","background-position":"center center","background-size":"auto","background-attachment":"scroll","background-type":"","background-media":"","overlay-type":"","overlay-color":"","overlay-opacity":"","overlay-gradient":""},"mobile":{"background-color":"","background-image":"","background-repeat":"repeat","background-position":"center center","background-size":"auto","background-attachment":"scroll","background-type":"","background-media":"","overlay-type":"","overlay-color":"","overlay-opacity":"","overlay-gradient":""}},"ast-content-background-meta":{"desktop":{"background-color":"var(--ast-global-color-5)","background-image":"","background-repeat":"repeat","background-position":"center center","background-size":"auto","background-attachment":"scroll","background-type":"","background-media":"","overlay-type":"","overlay-color":"","overlay-opacity":"","overlay-gradient":""},"tablet":{"background-color":"var(--ast-global-color-5)","background-image":"","background-repeat":"repeat","background-position":"center center","background-size":"auto","background-attachment":"scroll","background-type":"","background-media":"","overlay-type":"","overlay-color":"","overlay-opacity":"","overlay-gradient":""},"mobile":{"background-color":"var(--ast-global-color-5)","background-image":"","background-repeat":"repeat","background-position":"center center","background-size":"auto","background-attachment":"scroll","background-type":"","background-media":"","overlay-type":"","overlay-color":"","overlay-opacity":"","overlay-gradient":""}},"footnotes":""},"class_list":["post-15","page","type-page","status-publish","hentry"],"jetpack_sharing_enabled":true,"_links":{"self":[{"href":"https:\/\/pamait.es\/en\/wp-json\/wp\/v2\/pages\/15","targetHints":{"allow":["GET"]}}],"collection":[{"href":"https:\/\/pamait.es\/en\/wp-json\/wp\/v2\/pages"}],"about":[{"href":"https:\/\/pamait.es\/en\/wp-json\/wp\/v2\/types\/page"}],"author":[{"embeddable":true,"href":"https:\/\/pamait.es\/en\/wp-json\/wp\/v2\/users\/1"}],"replies":[{"embeddable":true,"href":"https:\/\/pamait.es\/en\/wp-json\/wp\/v2\/comments?post=15"}],"version-history":[{"count":10,"href":"https:\/\/pamait.es\/en\/wp-json\/wp\/v2\/pages\/15\/revisions"}],"predecessor-version":[{"id":2013,"href":"https:\/\/pamait.es\/en\/wp-json\/wp\/v2\/pages\/15\/revisions\/2013"}],"wp:attachment":[{"href":"https:\/\/pamait.es\/en\/wp-json\/wp\/v2\/media?parent=15"}],"curies":[{"name":"wp","href":"https:\/\/api.w.org\/{rel}","templated":true}]}}